{"id":3047,"date":"2024-03-15T14:56:40","date_gmt":"2024-03-15T13:56:40","guid":{"rendered":"https:\/\/baker-park.com\/legal-information\/"},"modified":"2024-06-01T08:54:49","modified_gmt":"2024-06-01T06:54:49","slug":"legal-information","status":"publish","type":"page","link":"https:\/\/baker-park.com\/en\/legal-information\/","title":{"rendered":"Legal information."},"content":{"rendered":"\t\t<div data-elementor-type=\"wp-page\" data-elementor-id=\"3047\" class=\"elementor elementor-3047 elementor-1652\" data-elementor-post-type=\"page\">\n\t\t\t\t<div class=\"elementor-element elementor-element-8200109 blkTextesCms e-flex e-con-boxed e-con e-parent\" data-id=\"8200109\" data-element_type=\"container\" data-settings=\"{&quot;background_background&quot;:&quot;classic&quot;}\">\n\t\t\t\t\t<div class=\"e-con-inner\">\n\t\t\t\t<div class=\"elementor-element elementor-element-233a51f elementor-widget elementor-widget-text-editor\" data-id=\"233a51f\" data-element_type=\"widget\" data-widget_type=\"text-editor.default\">\n\t\t\t\t<div class=\"elementor-widget-container\">\n\t\t\t<style>\/*! elementor - v3.21.0 - 25-04-2024 *\/\n.elementor-widget-text-editor.elementor-drop-cap-view-stacked .elementor-drop-cap{background-color:#69727d;color:#fff}.elementor-widget-text-editor.elementor-drop-cap-view-framed .elementor-drop-cap{color:#69727d;border:3px solid;background-color:transparent}.elementor-widget-text-editor:not(.elementor-drop-cap-view-default) .elementor-drop-cap{margin-top:8px}.elementor-widget-text-editor:not(.elementor-drop-cap-view-default) .elementor-drop-cap-letter{width:1em;height:1em}.elementor-widget-text-editor .elementor-drop-cap{float:left;text-align:center;line-height:1;font-size:50px}.elementor-widget-text-editor .elementor-drop-cap-letter{display:inline-block}<\/style>\t\t\t\t<p><strong>Editor of baker-park.com<\/strong><\/p><p>BAKER PARK SAS, a soci\u00e9t\u00e9 par actions simplifi\u00e9e (simplified joint stock company) with share capital of 10,000 euros, headquartered at 140 BD EXELMANS 75016 PARIS, registered with the PARIS Trade and Companies Registry under number B 879 917 201.<\/p><p>Baker Park General Manager and Publisher: Julie Hazan<\/p><p><b>Site host<\/b><\/p><p>The Baker Park website is hosted by HOSTINGER, headquartered at HOSTINGER INTERNATIONAL LTD, 61 Lordou Vironos Street, 6023 Larnaca, Cyprus, and can be reached at <a href=\"https:\/\/www.hostinger.fr\/contact\" target=\"_blank\" rel=\"noopener\">https:\/\/www.hostinger.fr\/contact<\/a>.<\/p><p>If you have any questions, please do not hesitate to contact us <a href=\"https:\/\/baker-park.com\/contactez-nous\/\">via our contact form<\/a>.<\/p>\t\t\t\t\t\t<\/div>\n\t\t\t\t<\/div>\n\t\t\t\t\t<\/div>\n\t\t\t\t<\/div>\n\t\t\t\t<\/div>\n\t\t","protected":false},"excerpt":{"rendered":"<p>Editor of baker-park.com BAKER PARK SAS, a soci\u00e9t\u00e9 par actions simplifi\u00e9e (simplified joint stock company) with share capital of 10,000 euros, headquartered at 140 BD EXELMANS 75016 PARIS, registered with the PARIS Trade and Companies Registry under number B 879 917 201. Baker Park General Manager and Publisher: Julie Hazan Site host The Baker Park [&hellip;]<\/p>\n","protected":false},"author":1,"featured_media":0,"parent":0,"menu_order":0,"comment_status":"closed","ping_status":"closed","template":"","meta":{"_acf_changed":false,"content-type":"","inline_featured_image":false,"footnotes":""},"acf":[],"aioseo_notices":[],"_links":{"self":[{"href":"https:\/\/baker-park.com\/en\/wp-json\/wp\/v2\/pages\/3047"}],"collection":[{"href":"https:\/\/baker-park.com\/en\/wp-json\/wp\/v2\/pages"}],"about":[{"href":"https:\/\/baker-park.com\/en\/wp-json\/wp\/v2\/types\/page"}],"author":[{"embeddable":true,"href":"https:\/\/baker-park.com\/en\/wp-json\/wp\/v2\/users\/1"}],"replies":[{"embeddable":true,"href":"https:\/\/baker-park.com\/en\/wp-json\/wp\/v2\/comments?post=3047"}],"version-history":[{"count":12,"href":"https:\/\/baker-park.com\/en\/wp-json\/wp\/v2\/pages\/3047\/revisions"}],"predecessor-version":[{"id":5023,"href":"https:\/\/baker-park.com\/en\/wp-json\/wp\/v2\/pages\/3047\/revisions\/5023"}],"wp:attachment":[{"href":"https:\/\/baker-park.com\/en\/wp-json\/wp\/v2\/media?parent=3047"}],"curies":[{"name":"wp","href":"https:\/\/api.w.org\/{rel}","templated":true}]}}