{"id":2560,"date":"2024-03-01T19:44:37","date_gmt":"2024-03-01T18:44:37","guid":{"rendered":"https:\/\/baker-park.com\/contact-us\/"},"modified":"2024-03-26T16:15:14","modified_gmt":"2024-03-26T15:15:14","slug":"contact-us","status":"publish","type":"page","link":"https:\/\/baker-park.com\/en\/contact-us\/","title":{"rendered":"Contact us"},"content":{"rendered":"\t\t<div data-elementor-type=\"wp-page\" data-elementor-id=\"2560\" class=\"elementor elementor-2560 elementor-870\" data-elementor-post-type=\"page\">\n\t\t\t\t<div class=\"elementor-element elementor-element-71b1382 sectionContact e-flex e-con-boxed e-con e-parent\" data-id=\"71b1382\" data-element_type=\"container\">\n\t\t\t\t\t<div class=\"e-con-inner\">\n\t\t<div class=\"elementor-element elementor-element-75e264a e-con-full e-flex e-con e-child\" data-id=\"75e264a\" data-element_type=\"container\">\n\t\t\t\t<div class=\"elementor-element elementor-element-a9f3dad elementor-widget elementor-widget-heading\" data-id=\"a9f3dad\" data-element_type=\"widget\" data-widget_type=\"heading.default\">\n\t\t\t\t<div class=\"elementor-widget-container\">\n\t\t\t<style>\/*! elementor - v3.21.0 - 25-04-2024 *\/\n.elementor-heading-title{padding:0;margin:0;line-height:1}.elementor-widget-heading .elementor-heading-title[class*=elementor-size-]>a{color:inherit;font-size:inherit;line-height:inherit}.elementor-widget-heading .elementor-heading-title.elementor-size-small{font-size:15px}.elementor-widget-heading .elementor-heading-title.elementor-size-medium{font-size:19px}.elementor-widget-heading .elementor-heading-title.elementor-size-large{font-size:29px}.elementor-widget-heading .elementor-heading-title.elementor-size-xl{font-size:39px}.elementor-widget-heading .elementor-heading-title.elementor-size-xxl{font-size:59px}<\/style><h1 class=\"elementor-heading-title elementor-size-default\">Contact us<\/h1>\t\t<\/div>\n\t\t\t\t<\/div>\n\t\t\t\t<div class=\"elementor-element elementor-element-132d19f elementor-widget elementor-widget-text-editor\" data-id=\"132d19f\" data-element_type=\"widget\" data-widget_type=\"text-editor.default\">\n\t\t\t\t<div class=\"elementor-widget-container\">\n\t\t\t<style>\/*! elementor - v3.21.0 - 25-04-2024 *\/\n.elementor-widget-text-editor.elementor-drop-cap-view-stacked .elementor-drop-cap{background-color:#69727d;color:#fff}.elementor-widget-text-editor.elementor-drop-cap-view-framed .elementor-drop-cap{color:#69727d;border:3px solid;background-color:transparent}.elementor-widget-text-editor:not(.elementor-drop-cap-view-default) .elementor-drop-cap{margin-top:8px}.elementor-widget-text-editor:not(.elementor-drop-cap-view-default) .elementor-drop-cap-letter{width:1em;height:1em}.elementor-widget-text-editor .elementor-drop-cap{float:left;text-align:center;line-height:1;font-size:50px}.elementor-widget-text-editor .elementor-drop-cap-letter{display:inline-block}<\/style>\t\t\t\t<p>If you have any questions, comments or simply want to discuss your projects, please don&#8217;t hesitate to contact us.<\/p>\n\t\t\t\t\t\t<\/div>\n\t\t\t\t<\/div>\n\t\t<div class=\"elementor-element elementor-element-02ee888 blkContactInfos e-flex e-con-boxed e-con e-child\" data-id=\"02ee888\" data-element_type=\"container\">\n\t\t\t\t\t<div class=\"e-con-inner\">\n\t\t\t\t<div class=\"elementor-element elementor-element-fb5e4b7 elementor-widget elementor-widget-text-editor\" data-id=\"fb5e4b7\" data-element_type=\"widget\" data-widget_type=\"text-editor.default\">\n\t\t\t\t<div class=\"elementor-widget-container\">\n\t\t\t\t\t\t\t<p>Baker Park,  <br \/>7 Rue de Magdebourg,  <br \/>75116 Paris,  <br \/>France<\/p>\n\t\t\t\t\t\t<\/div>\n\t\t\t\t<\/div>\n\t\t\t\t<div class=\"elementor-element elementor-element-e2a9ea7 elementor-widget elementor-widget-text-editor\" data-id=\"e2a9ea7\" data-element_type=\"widget\" data-widget_type=\"text-editor.default\">\n\t\t\t\t<div class=\"elementor-widget-container\">\n\t\t\t\t\t\t\t<p><b>For all requests<\/b><\/p>\n<p><a href=\"mailto:contact@baker-park.com\" target=\"_blank\" rel=\"noopener\">contact@baker-park.com<\/a><br \/>+33 6 70 20 13 93<\/p>\n\t\t\t\t\t\t<\/div>\n\t\t\t\t<\/div>\n\t\t\t\t\t<\/div>\n\t\t\t\t<\/div>\n\t\t\t\t<\/div>\n\t\t<div class=\"elementor-element elementor-element-94360f2 e-con-full e-flex e-con e-child\" data-id=\"94360f2\" data-element_type=\"container\">\n\t\t\t\t<div class=\"elementor-element elementor-element-80690b7 elementor-widget elementor-widget-wpforms\" data-id=\"80690b7\" data-element_type=\"widget\" data-widget_type=\"wpforms.default\">\n\t\t\t\t<div class=\"elementor-widget-container\">\n\t\t\t<style id=\"wpforms-css-vars-root\">\n\t\t\t\t:root {\n\t\t\t\t\t--wpforms-field-border-radius: 3px;\n--wpforms-field-border-style: solid;\n--wpforms-field-border-size: 1px;\n--wpforms-field-background-color: #ffffff;\n--wpforms-field-border-color: rgba( 0, 0, 0, 0.25 );\n--wpforms-field-border-color-spare: rgba( 0, 0, 0, 0.25 );\n--wpforms-field-text-color: rgba( 0, 0, 0, 0.7 );\n--wpforms-field-menu-color: #ffffff;\n--wpforms-label-color: rgba( 0, 0, 0, 0.85 );\n--wpforms-label-sublabel-color: rgba( 0, 0, 0, 0.55 );\n--wpforms-label-error-color: #d63637;\n--wpforms-button-border-radius: 3px;\n--wpforms-button-border-style: none;\n--wpforms-button-border-size: 1px;\n--wpforms-button-background-color: #066aab;\n--wpforms-button-border-color: #066aab;\n--wpforms-button-text-color: #ffffff;\n--wpforms-page-break-color: #066aab;\n--wpforms-background-image: none;\n--wpforms-background-position: center center;\n--wpforms-background-repeat: no-repeat;\n--wpforms-background-size: cover;\n--wpforms-background-width: 100px;\n--wpforms-background-height: 100px;\n--wpforms-background-color: rgba( 0, 0, 0, 0 );\n--wpforms-background-url: none;\n--wpforms-container-padding: 0px;\n--wpforms-container-border-style: none;\n--wpforms-container-border-width: 1px;\n--wpforms-container-border-color: #000000;\n--wpforms-container-border-radius: 3px;\n--wpforms-field-size-input-height: 43px;\n--wpforms-field-size-input-spacing: 15px;\n--wpforms-field-size-font-size: 16px;\n--wpforms-field-size-line-height: 19px;\n--wpforms-field-size-padding-h: 14px;\n--wpforms-field-size-checkbox-size: 16px;\n--wpforms-field-size-sublabel-spacing: 5px;\n--wpforms-field-size-icon-size: 1;\n--wpforms-label-size-font-size: 16px;\n--wpforms-label-size-line-height: 19px;\n--wpforms-label-size-sublabel-font-size: 14px;\n--wpforms-label-size-sublabel-line-height: 17px;\n--wpforms-button-size-font-size: 17px;\n--wpforms-button-size-height: 41px;\n--wpforms-button-size-padding-h: 15px;\n--wpforms-button-size-margin-top: 10px;\n--wpforms-container-shadow-size-box-shadow: none;\n\n\t\t\t\t}\n\t\t\t<\/style><style id=\"wpforms-css-vars-elementor-widget-80690b7\">\n\t\t\t\t.elementor-widget-wpforms.elementor-element-80690b7 {\n\t\t\t\t\t--wpforms-field-size-input-height: 43px;\n--wpforms-field-size-input-spacing: 15px;\n--wpforms-field-size-font-size: 16px;\n--wpforms-field-size-line-height: 19px;\n--wpforms-field-size-padding-h: 14px;\n--wpforms-field-size-checkbox-size: 16px;\n--wpforms-field-size-sublabel-spacing: 5px;\n--wpforms-field-size-icon-size: 1;\n--wpforms-label-size-font-size: 16px;\n--wpforms-label-size-line-height: 19px;\n--wpforms-label-size-sublabel-font-size: 14px;\n--wpforms-label-size-sublabel-line-height: 17px;\n--wpforms-button-size-font-size: 17px;\n--wpforms-button-size-height: 41px;\n--wpforms-button-size-padding-h: 15px;\n--wpforms-button-size-margin-top: 10px;\n\n\t\t\t\t}\n\t\t\t<\/style><div class=\"wpforms-container wpforms-container-full wpforms-render-modern\" id=\"wpforms-900\"><form id=\"wpforms-form-900\" class=\"wpforms-validate wpforms-form wpforms-ajax-form\" data-formid=\"900\" method=\"post\" enctype=\"multipart\/form-data\" action=\"\/en\/wp-json\/wp\/v2\/pages\/2560\" data-token=\"c701f1cf3ca733005e8ae8e1aa93e3d2\" data-token-time=\"1776085114\"><noscript class=\"wpforms-error-noscript\">Please enable JavaScript in your browser to complete this form.<\/noscript><div class=\"wpforms-hidden\" id=\"wpforms-error-noscript\">Please enable JavaScript in your browser to complete this form.<\/div><div class=\"wpforms-field-container\"><div id=\"wpforms-900-field_4-container\" class=\"wpforms-field wpforms-field-textarea\" data-field-id=\"4\"><label class=\"wpforms-field-label\" for=\"wpforms-900-field_4\">Detail du business<\/label><textarea id=\"wpforms-900-field_4\" class=\"wpforms-field-medium\" name=\"wpforms[fields][4]\" aria-errormessage=\"wpforms-900-field_4-error\" ><\/textarea><\/div><div id=\"wpforms-900-field_5-container\" class=\"wpforms-field wpforms-field-name\" data-field-id=\"5\"><label class=\"wpforms-field-label wpforms-label-hide\" for=\"wpforms-900-field_5\" aria-hidden=\"false\">First name <span class=\"wpforms-required-label\" aria-hidden=\"true\">*<\/span><\/label><input type=\"text\" id=\"wpforms-900-field_5\" class=\"wpforms-field-medium wpforms-field-required\" name=\"wpforms[fields][5]\" placeholder=\"Last name\" aria-errormessage=\"wpforms-900-field_5-error\" required><\/div><div id=\"wpforms-900-field_6-container\" class=\"wpforms-field wpforms-field-name\" data-field-id=\"6\"><label class=\"wpforms-field-label wpforms-label-hide\" for=\"wpforms-900-field_6\" aria-hidden=\"false\">Last name <span class=\"wpforms-required-label\" aria-hidden=\"true\">*<\/span><\/label><input type=\"text\" id=\"wpforms-900-field_6\" class=\"wpforms-field-medium wpforms-field-required\" name=\"wpforms[fields][6]\" placeholder=\"Last Name\" aria-errormessage=\"wpforms-900-field_6-error\" required><\/div><div id=\"wpforms-900-field_7-container\" class=\"wpforms-field wpforms-field-name\" data-field-id=\"7\"><label class=\"wpforms-field-label wpforms-label-hide\" for=\"wpforms-900-field_7\" aria-hidden=\"false\">Poste <span class=\"wpforms-required-label\" aria-hidden=\"true\">*<\/span><\/label><input type=\"text\" id=\"wpforms-900-field_7\" class=\"wpforms-field-medium wpforms-field-required\" name=\"wpforms[fields][7]\" placeholder=\"Poste\" aria-errormessage=\"wpforms-900-field_7-error\" required><\/div><div id=\"wpforms-900-field_13-container\" class=\"wpforms-field wpforms-field-name\" data-field-id=\"13\"><label class=\"wpforms-field-label wpforms-label-hide\" for=\"wpforms-900-field_13\" aria-hidden=\"false\">Societe <span class=\"wpforms-required-label\" aria-hidden=\"true\">*<\/span><\/label><input type=\"text\" id=\"wpforms-900-field_13\" class=\"wpforms-field-medium wpforms-field-required\" name=\"wpforms[fields][13]\" placeholder=\"Societe\" aria-errormessage=\"wpforms-900-field_13-error\" required><\/div><div id=\"wpforms-900-field_9-container\" class=\"wpforms-field wpforms-field-name\" data-field-id=\"9\"><label class=\"wpforms-field-label wpforms-label-hide\" for=\"wpforms-900-field_9\" aria-hidden=\"false\">Telephone <span class=\"wpforms-required-label\" aria-hidden=\"true\">*<\/span><\/label><input type=\"text\" id=\"wpforms-900-field_9\" class=\"wpforms-field-medium wpforms-field-required\" name=\"wpforms[fields][9]\" placeholder=\"Telephone\" aria-errormessage=\"wpforms-900-field_9-error\" required><\/div><div id=\"wpforms-900-field_1-container\" class=\"wpforms-field wpforms-field-email\" data-field-id=\"1\"><label class=\"wpforms-field-label wpforms-label-hide\" for=\"wpforms-900-field_1\" aria-hidden=\"false\">E-mail <span class=\"wpforms-required-label\" aria-hidden=\"true\">*<\/span><\/label><input type=\"email\" id=\"wpforms-900-field_1\" class=\"wpforms-field-medium wpforms-field-required\" name=\"wpforms[fields][1]\" placeholder=\"E-mail\" spellcheck=\"false\" aria-errormessage=\"wpforms-900-field_1-error\" required><\/div><div id=\"wpforms-900-field_2-container\" class=\"wpforms-field wpforms-field-textarea\" data-field-id=\"2\"><label class=\"wpforms-field-label\" for=\"wpforms-900-field_2\">Message<\/label><textarea id=\"wpforms-900-field_2\" class=\"wpforms-field-medium\" name=\"wpforms[fields][2]\" placeholder=\"Write your message\" aria-errormessage=\"wpforms-900-field_2-error\" ><\/textarea><\/div><div id=\"wpforms-900-field_10-container\" class=\"wpforms-field wpforms-field-select wpforms-field-select-style-classic\" data-field-id=\"10\"><label class=\"wpforms-field-label\" for=\"wpforms-900-field_10\"> O\u00f9 avez-vous eu de nos nouvelles ?<\/label><select id=\"wpforms-900-field_10\" class=\"wpforms-field-medium\" name=\"wpforms[fields][10]\"><option value=\"LinkedIn\" >LinkedIn<\/option><option value=\"R\u00e9seaux sociaux\" >R\u00e9seaux sociaux<\/option><option value=\"Bouche \u00e0 oreilles\" >Bouche \u00e0 oreilles<\/option><option value=\"Autres\" >Autres<\/option><\/select><\/div><div id=\"wpforms-900-field_11-container\" class=\"wpforms-field wpforms-field-checkbox\" data-field-id=\"11\"><fieldset><legend class=\"wpforms-field-label wpforms-label-hide\" aria-hidden=\"false\">Updates<\/legend><ul id=\"wpforms-900-field_11\"><li class=\"choice-1 depth-1\"><input type=\"checkbox\" id=\"wpforms-900-field_11_1\" name=\"wpforms[fields][11][]\" value=\"Tenez-moi inform\u00e9 des newsletters, des \u00e9v\u00e9nements \u00e0 venir et des services.\" aria-errormessage=\"wpforms-900-field_11_1-error\"  ><label class=\"wpforms-field-label-inline\" for=\"wpforms-900-field_11_1\">Tenez-moi inform\u00e9 des newsletters, des \u00e9v\u00e9nements \u00e0 venir et des services.<\/label><\/li><li class=\"choice-2 depth-1\"><input type=\"checkbox\" id=\"wpforms-900-field_11_2\" name=\"wpforms[fields][11][]\" value=\"En soumettant ce formulaire, vous acceptez la politique de confidentialit\u00e9 et les conditions d&#039;utilisation de Baker Park.*\" aria-errormessage=\"wpforms-900-field_11_2-error\"  ><label class=\"wpforms-field-label-inline\" for=\"wpforms-900-field_11_2\">En soumettant ce formulaire, vous acceptez la politique de confidentialit\u00e9 et les conditions d'utilisation de Baker Park.*<\/label><\/li><\/ul><\/fieldset><\/div><\/div><!-- .wpforms-field-container --><div class=\"wpforms-submit-container\" ><input type=\"hidden\" name=\"wpforms[id]\" value=\"900\"><input type=\"hidden\" name=\"page_title\" value=\"\"><input type=\"hidden\" name=\"page_url\" value=\"https:\/\/baker-park.com\/en\/wp-json\/wp\/v2\/pages\/2560\"><button type=\"submit\" name=\"wpforms[submit]\" id=\"wpforms-submit-900\" class=\"wpforms-submit\" data-alt-text=\"Envoi...\" data-submit-text=\"Envoyer\" aria-live=\"assertive\" value=\"wpforms-submit\">Envoyer<\/button><img decoding=\"async\" src=\"https:\/\/baker-park.com\/wp-content\/plugins\/wpforms-lite\/assets\/images\/submit-spin.svg\" class=\"wpforms-submit-spinner\" style=\"display: none;\" width=\"26\" height=\"26\" alt=\"Loading\"><\/div><\/form><\/div>  <!-- .wpforms-container -->\t\t<\/div>\n\t\t\t\t<\/div>\n\t\t\t\t<\/div>\n\t\t\t\t\t<\/div>\n\t\t\t\t<\/div>\n\t\t\t\t<\/div>\n\t\t","protected":false},"excerpt":{"rendered":"<p>Contact us If you have any questions, comments or simply want to discuss your projects, please don&#8217;t hesitate to contact us. Baker Park, 7 Rue de Magdebourg, 75116 Paris, France For all requests contact@baker-park.com+33 6 70 20 13 93 Veuillez activer JavaScript dans votre navigateur pour remplir ce formulaire.Veuillez activer JavaScript dans votre navigateur pour [&hellip;]<\/p>\n","protected":false},"author":1,"featured_media":0,"parent":0,"menu_order":0,"comment_status":"closed","ping_status":"closed","template":"","meta":{"_acf_changed":false,"content-type":"","inline_featured_image":false,"footnotes":""},"acf":[],"aioseo_notices":[],"_links":{"self":[{"href":"https:\/\/baker-park.com\/en\/wp-json\/wp\/v2\/pages\/2560"}],"collection":[{"href":"https:\/\/baker-park.com\/en\/wp-json\/wp\/v2\/pages"}],"about":[{"href":"https:\/\/baker-park.com\/en\/wp-json\/wp\/v2\/types\/page"}],"author":[{"embeddable":true,"href":"https:\/\/baker-park.com\/en\/wp-json\/wp\/v2\/users\/1"}],"replies":[{"embeddable":true,"href":"https:\/\/baker-park.com\/en\/wp-json\/wp\/v2\/comments?post=2560"}],"version-history":[{"count":5,"href":"https:\/\/baker-park.com\/en\/wp-json\/wp\/v2\/pages\/2560\/revisions"}],"predecessor-version":[{"id":2843,"href":"https:\/\/baker-park.com\/en\/wp-json\/wp\/v2\/pages\/2560\/revisions\/2843"}],"wp:attachment":[{"href":"https:\/\/baker-park.com\/en\/wp-json\/wp\/v2\/media?parent=2560"}],"curies":[{"name":"wp","href":"https:\/\/api.w.org\/{rel}","templated":true}]}}